{"id":1271,"date":"2021-01-31T06:42:27","date_gmt":"2021-01-31T06:42:27","guid":{"rendered":"https:\/\/wordpress.vecurosoft.com\/grillinator\/?page_id=1271"},"modified":"2026-02-17T11:00:00","modified_gmt":"2026-02-17T11:00:00","slug":"rezervasyon","status":"publish","type":"page","link":"https:\/\/sobhykabersharm.com\/tr\/rezervasyon\/","title":{"rendered":"Rezervasyon"},"content":{"rendered":"<div data-elementor-type=\"wp-page\" data-elementor-id=\"1271\" class=\"elementor elementor-1271\">\n\t\t\t\t<div class=\"elementor-element elementor-element-06e779e e-flex e-con-boxed wpr-particle-no wpr-jarallax-no wpr-parallax-no wpr-sticky-section-no wpr-equal-height-no e-con e-parent\" data-id=\"06e779e\" data-element_type=\"container\" data-e-type=\"container\" data-settings=\"{&quot;background_background&quot;:&quot;classic&quot;}\">\n\t\t\t\t\t<div class=\"e-con-inner\">\n\t\t\t\t<div class=\"elementor-element elementor-element-7ee436d elementor-widget elementor-widget-grillinatorsectiontitle\" data-id=\"7ee436d\" data-element_type=\"widget\" data-e-type=\"widget\" data-widget_type=\"grillinatorsectiontitle.default\">\n\t\t\t\t<div class=\"elementor-widget-container\">\n\t\t\t\t\t<!-- Section Title --><div class=\"section-title\" ><p class=\"sec-subtitle text-theme h3 subtitle-selector\">Masa ay\u0131rt\u0131n<\/p><h2 class=\"sec-title1 title-selector\">Rezervasyon<\/h2><p class=\"desc\">Ger\u00e7ek M\u0131s\u0131r \u0131zgaras\u0131n\u0131n tad\u0131n\u0131 \u00e7\u0131kar\u0131n.<br> \u00d6zel \u00e7iftliklerimizden taba\u011f\u0131n\u0131za taze olarak sunuluyor.<\/p><div class=\"sec-line\"><img data-recalc-dims=\"1\" decoding=\"async\" loading=\"lazy\" src=\"https:\/\/i0.wp.com\/wordpress.vecurosoft.com\/grillino\/wp-content\/uploads\/2020\/11\/sec-title-1.png?w=751&#038;ssl=1\" alt=\"b\u00f6l\u00fcm ba\u015fl\u0131\u011f\u0131 1\"  \/><\/div><\/div><!-- End Section Title -->\t\t\t\t<\/div>\n\t\t\t\t<\/div>\n\t\t\t\t<div class=\"elementor-element elementor-element-e549145 elementor-widget elementor-widget-shortcode\" data-id=\"e549145\" data-element_type=\"widget\" data-e-type=\"widget\" data-widget_type=\"shortcode.default\">\n\t\t\t\t\t\t\t<div class=\"elementor-shortcode\">\n<div class=\"wpcf7 no-js\" id=\"wpcf7-f1353-o1\" lang=\"en-US\" dir=\"ltr\" data-wpcf7-id=\"1353\">\n<div class=\"screen-reader-response\"><p role=\"status\" aria-live=\"polite\" aria-atomic=\"true\"><\/p> <ul><\/ul><\/div>\n<form action=\"\/tr\/wp-json\/wp\/v2\/pages\/1271#wpcf7-f1353-o1\" method=\"post\" class=\"wpcf7-form init\" aria-label=\"Contact form\" novalidate=\"novalidate\" data-status=\"init\" data-trp-original-action=\"\/tr\/wp-json\/wp\/v2\/pages\/1271#wpcf7-f1353-o1\">\n<fieldset class=\"hidden-fields-container\"><input type=\"hidden\" name=\"_wpcf7\" value=\"1353\" \/><input type=\"hidden\" name=\"_wpcf7_version\" value=\"6.1.5\" \/><input type=\"hidden\" name=\"_wpcf7_locale\" value=\"en_US\" \/><input type=\"hidden\" name=\"_wpcf7_unit_tag\" value=\"wpcf7-f1353-o1\" \/><input type=\"hidden\" name=\"_wpcf7_container_post\" value=\"0\" \/><input type=\"hidden\" name=\"_wpcf7_posted_data_hash\" value=\"\" \/>\n<\/fieldset>\n<div class=\"reservation-form\"><div class=\"row\">\n                        <div class=\"col-lg-12 form-group\"><span class=\"wpcf7-form-control-wrap\" data-name=\"text-867\"><input size=\"40\" maxlength=\"400\" class=\"wpcf7-form-control wpcf7-text wpcf7-validates-as-required form-control\" aria-required=\"true\" aria-invalid=\"false\" placeholder=\"Toplam Ki\u015fi\" value=\"\" type=\"text\" name=\"text-867\" \/><\/span><i class=\"fal fa-users\"><\/i><\/div>\n                        <div class=\"col-lg-12 form-group\"><span class=\"wpcf7-form-control-wrap\" data-name=\"text-354\"><input size=\"40\" maxlength=\"400\" class=\"wpcf7-form-control wpcf7-text wpcf7-validates-as-required form-control date-pick\" aria-required=\"true\" aria-invalid=\"false\" value=\"05 - 10 - 2020\" type=\"text\" name=\"text-354\" \/><\/span><i class=\"fal fa-calendar-alt\"><\/i><\/div>\n                        <div class=\"col-lg-12 form-group\"><span class=\"wpcf7-form-control-wrap\" data-name=\"text-353\"><input size=\"40\" maxlength=\"400\" class=\"wpcf7-form-control wpcf7-text wpcf7-validates-as-required form-control time-pick\" aria-required=\"true\" aria-invalid=\"false\" value=\"7:00 pm\" type=\"text\" name=\"text-353\" \/><\/span><i class=\"fal fa-clock\"><\/i><\/div>\n                        <div class=\"col-12 form-group\"><span class=\"wpcf7-form-control-wrap\" data-name=\"textarea-935\"><textarea cols=\"40\" rows=\"10\" maxlength=\"2000\" class=\"wpcf7-form-control wpcf7-textarea wpcf7-validates-as-required form-control\" aria-required=\"true\" aria-invalid=\"false\" placeholder=\"Rezervasyon Amac\u0131\" name=\"textarea-935\"><\/textarea><\/span><i class=\"fal fa-pencil-alt\"><\/i><\/div>\n                        <div class=\"col-12 form-group pt-xl-20 mb-0 text-center\"><button class=\"vs-btn style3 rounded-0 wpcf7-submit\">Mesaj G\u00f6nder<\/button><\/div><\/div><\/div><div class=\"wpcf7-response-output\" aria-hidden=\"true\"><\/div>\n<input type=\"hidden\" name=\"trp-form-language\" value=\"tr\"\/><\/form>\n<\/div>\n<\/div>\n\t\t\t\t\t\t<\/div>\n\t\t\t\t\t<\/div>\n\t\t\t\t<\/div>\n\t\t\t\t<\/div>","protected":false},"excerpt":{"rendered":"<p>Masa rezervasyonu yapt\u0131r\u0131n. \u00d6zel \u00e7iftliklerimizden taze olarak taba\u011f\u0131n\u0131za gelen otantik M\u0131s\u0131r \u0131zgara lezzetini deneyimleyin.<\/p>","protected":false},"author":1,"featured_media":0,"parent":0,"menu_order":0,"comment_status":"closed","ping_status":"closed","template":"template-builder.php","meta":{"nf_dc_page":"","om_disable_all_campaigns":false,"footnotes":""},"class_list":["post-1271","page","type-page","status-publish","hentry"],"yoast_head":"<!-- This site is optimized with the Yoast SEO plugin v27.5 - https:\/\/yoast.com\/product\/yoast-seo-wordpress\/ -->\n<title>Reservation - Sobhy Kaber<\/title>\n<meta name=\"robots\" content=\"index, follow, max-snippet:-1, max-image-preview:large, max-video-preview:-1\" \/>\n<link rel=\"canonical\" href=\"https:\/\/sobhykabersharm.com\/tr\/rezervasyon\/\" \/>\n<meta property=\"og:locale\" content=\"tr_TR\" \/>\n<meta property=\"og:type\" content=\"article\" \/>\n<meta property=\"og:title\" content=\"Reservation - Sobhy Kaber\" \/>\n<meta property=\"og:description\" content=\"Book a Table Reservation Experience the authentic Egyptian grill freshly prepared from our private farms to your plate.\" \/>\n<meta property=\"og:url\" content=\"https:\/\/sobhykabersharm.com\/tr\/rezervasyon\/\" \/>\n<meta property=\"og:site_name\" content=\"Sobhy Kaber\" \/>\n<meta property=\"article:modified_time\" content=\"2026-02-17T11:00:00+00:00\" \/>\n<meta property=\"og:image\" content=\"https:\/\/wordpress.vecurosoft.com\/grillino\/wp-content\/uploads\/2020\/11\/sec-title-1.png\" \/>\n<meta name=\"twitter:card\" content=\"summary_large_image\" \/>\n<meta name=\"twitter:label1\" content=\"Tahmini okuma s\u00fcresi\" \/>\n\t<meta name=\"twitter:data1\" content=\"1 dakika\" \/>\n<script type=\"application\/ld+json\" class=\"yoast-schema-graph\">{\"@context\":\"https:\\\/\\\/schema.org\",\"@graph\":[{\"@type\":\"WebPage\",\"@id\":\"https:\\\/\\\/sobhykabersharm.com\\\/reservation\\\/\",\"url\":\"https:\\\/\\\/sobhykabersharm.com\\\/reservation\\\/\",\"name\":\"Reservation - Sobhy Kaber\",\"isPartOf\":{\"@id\":\"https:\\\/\\\/sobhykabersharm.com\\\/en_us\\\/#website\"},\"primaryImageOfPage\":{\"@id\":\"https:\\\/\\\/sobhykabersharm.com\\\/reservation\\\/#primaryimage\"},\"image\":{\"@id\":\"https:\\\/\\\/sobhykabersharm.com\\\/reservation\\\/#primaryimage\"},\"thumbnailUrl\":\"https:\\\/\\\/wordpress.vecurosoft.com\\\/grillino\\\/wp-content\\\/uploads\\\/2020\\\/11\\\/sec-title-1.png\",\"datePublished\":\"2021-01-31T06:42:27+00:00\",\"dateModified\":\"2026-02-17T11:00:00+00:00\",\"breadcrumb\":{\"@id\":\"https:\\\/\\\/sobhykabersharm.com\\\/reservation\\\/#breadcrumb\"},\"inLanguage\":\"tr\",\"potentialAction\":[{\"@type\":\"ReadAction\",\"target\":[\"https:\\\/\\\/sobhykabersharm.com\\\/reservation\\\/\"]}]},{\"@type\":\"ImageObject\",\"inLanguage\":\"tr\",\"@id\":\"https:\\\/\\\/sobhykabersharm.com\\\/reservation\\\/#primaryimage\",\"url\":\"https:\\\/\\\/wordpress.vecurosoft.com\\\/grillino\\\/wp-content\\\/uploads\\\/2020\\\/11\\\/sec-title-1.png\",\"contentUrl\":\"https:\\\/\\\/wordpress.vecurosoft.com\\\/grillino\\\/wp-content\\\/uploads\\\/2020\\\/11\\\/sec-title-1.png\"},{\"@type\":\"BreadcrumbList\",\"@id\":\"https:\\\/\\\/sobhykabersharm.com\\\/reservation\\\/#breadcrumb\",\"itemListElement\":[{\"@type\":\"ListItem\",\"position\":1,\"name\":\"Home\",\"item\":\"https:\\\/\\\/sobhykabersharm.com\\\/en_us\\\/\"},{\"@type\":\"ListItem\",\"position\":2,\"name\":\"Reservation\"}]},{\"@type\":\"WebSite\",\"@id\":\"https:\\\/\\\/sobhykabersharm.com\\\/en_us\\\/#website\",\"url\":\"https:\\\/\\\/sobhykabersharm.com\\\/en_us\\\/\",\"name\":\"Sobhy Kaber\",\"description\":\"Sobhy Kaber Authentic Egyptian Taste Since 1996\",\"publisher\":{\"@id\":\"https:\\\/\\\/sobhykabersharm.com\\\/en_us\\\/#organization\"},\"potentialAction\":[{\"@type\":\"SearchAction\",\"target\":{\"@type\":\"EntryPoint\",\"urlTemplate\":\"https:\\\/\\\/sobhykabersharm.com\\\/en_us\\\/?s={search_term_string}\"},\"query-input\":{\"@type\":\"PropertyValueSpecification\",\"valueRequired\":true,\"valueName\":\"search_term_string\"}}],\"inLanguage\":\"tr\"},{\"@type\":\"Organization\",\"@id\":\"https:\\\/\\\/sobhykabersharm.com\\\/en_us\\\/#organization\",\"name\":\"Sobhy Kaber\",\"url\":\"https:\\\/\\\/sobhykabersharm.com\\\/en_us\\\/\",\"logo\":{\"@type\":\"ImageObject\",\"inLanguage\":\"tr\",\"@id\":\"https:\\\/\\\/sobhykabersharm.com\\\/en_us\\\/#\\\/schema\\\/logo\\\/image\\\/\",\"url\":\"https:\\\/\\\/i0.wp.com\\\/sobhykabersharm.com\\\/wp-content\\\/uploads\\\/2026\\\/01\\\/cropped-rsz_1logo-white.png?fit=110%2C110&ssl=1\",\"contentUrl\":\"https:\\\/\\\/i0.wp.com\\\/sobhykabersharm.com\\\/wp-content\\\/uploads\\\/2026\\\/01\\\/cropped-rsz_1logo-white.png?fit=110%2C110&ssl=1\",\"width\":110,\"height\":110,\"caption\":\"Sobhy Kaber\"},\"image\":{\"@id\":\"https:\\\/\\\/sobhykabersharm.com\\\/en_us\\\/#\\\/schema\\\/logo\\\/image\\\/\"}}]}<\/script>\n<!-- \/ Yoast SEO plugin. -->","yoast_head_json":{"title":"Rezervasyon - Sobhy Kaber","robots":{"index":"index","follow":"follow","max-snippet":"max-snippet:-1","max-image-preview":"max-image-preview:large","max-video-preview":"max-video-preview:-1"},"canonical":"https:\/\/sobhykabersharm.com\/tr\/rezervasyon\/","og_locale":"tr_TR","og_type":"article","og_title":"Reservation - Sobhy Kaber","og_description":"Book a Table Reservation Experience the authentic Egyptian grill freshly prepared from our private farms to your plate.","og_url":"https:\/\/sobhykabersharm.com\/tr\/rezervasyon\/","og_site_name":"Sobhy Kaber","article_modified_time":"2026-02-17T11:00:00+00:00","og_image":[{"url":"https:\/\/wordpress.vecurosoft.com\/grillino\/wp-content\/uploads\/2020\/11\/sec-title-1.png","type":"","width":"","height":""}],"twitter_card":"summary_large_image","twitter_misc":{"Tahmini okuma s\u00fcresi":"1 dakika"},"schema":{"@context":"https:\/\/schema.org","@graph":[{"@type":"WebPage","@id":"https:\/\/sobhykabersharm.com\/reservation\/","url":"https:\/\/sobhykabersharm.com\/reservation\/","name":"Rezervasyon - Sobhy Kaber","isPartOf":{"@id":"https:\/\/sobhykabersharm.com\/en_us\/#website"},"primaryImageOfPage":{"@id":"https:\/\/sobhykabersharm.com\/reservation\/#primaryimage"},"image":{"@id":"https:\/\/sobhykabersharm.com\/reservation\/#primaryimage"},"thumbnailUrl":"https:\/\/wordpress.vecurosoft.com\/grillino\/wp-content\/uploads\/2020\/11\/sec-title-1.png","datePublished":"2021-01-31T06:42:27+00:00","dateModified":"2026-02-17T11:00:00+00:00","breadcrumb":{"@id":"https:\/\/sobhykabersharm.com\/reservation\/#breadcrumb"},"inLanguage":"tr","potentialAction":[{"@type":"ReadAction","target":["https:\/\/sobhykabersharm.com\/reservation\/"]}]},{"@type":"ImageObject","inLanguage":"tr","@id":"https:\/\/sobhykabersharm.com\/reservation\/#primaryimage","url":"https:\/\/wordpress.vecurosoft.com\/grillino\/wp-content\/uploads\/2020\/11\/sec-title-1.png","contentUrl":"https:\/\/wordpress.vecurosoft.com\/grillino\/wp-content\/uploads\/2020\/11\/sec-title-1.png"},{"@type":"BreadcrumbList","@id":"https:\/\/sobhykabersharm.com\/reservation\/#breadcrumb","itemListElement":[{"@type":"ListItem","position":1,"name":"Home","item":"https:\/\/sobhykabersharm.com\/en_us\/"},{"@type":"ListItem","position":2,"name":"Reservation"}]},{"@type":"WebSite","@id":"https:\/\/sobhykabersharm.com\/en_us\/#website","url":"https:\/\/sobhykabersharm.com\/en_us\/","name":"Sobhy Kaber","description":"Sobhy Kaber, 1996&#039;dan Beri Otantik M\u0131s\u0131r Lezzeti","publisher":{"@id":"https:\/\/sobhykabersharm.com\/en_us\/#organization"},"potentialAction":[{"@type":"SearchAction","target":{"@type":"EntryPoint","urlTemplate":"https:\/\/sobhykabersharm.com\/en_us\/?s={search_term_string}"},"query-input":{"@type":"PropertyValueSpecification","valueRequired":true,"valueName":"search_term_string"}}],"inLanguage":"tr"},{"@type":"Organization","@id":"https:\/\/sobhykabersharm.com\/en_us\/#organization","name":"Sobhy Kaber","url":"https:\/\/sobhykabersharm.com\/en_us\/","logo":{"@type":"ImageObject","inLanguage":"tr","@id":"https:\/\/sobhykabersharm.com\/en_us\/#\/schema\/logo\/image\/","url":"https:\/\/i0.wp.com\/sobhykabersharm.com\/wp-content\/uploads\/2026\/01\/cropped-rsz_1logo-white.png?fit=110%2C110&ssl=1","contentUrl":"https:\/\/i0.wp.com\/sobhykabersharm.com\/wp-content\/uploads\/2026\/01\/cropped-rsz_1logo-white.png?fit=110%2C110&ssl=1","width":110,"height":110,"caption":"Sobhy Kaber"},"image":{"@id":"https:\/\/sobhykabersharm.com\/en_us\/#\/schema\/logo\/image\/"}}]}},"jetpack_sharing_enabled":true,"_links":{"self":[{"href":"https:\/\/sobhykabersharm.com\/tr\/wp-json\/wp\/v2\/pages\/1271","targetHints":{"allow":["GET"]}}],"collection":[{"href":"https:\/\/sobhykabersharm.com\/tr\/wp-json\/wp\/v2\/pages"}],"about":[{"href":"https:\/\/sobhykabersharm.com\/tr\/wp-json\/wp\/v2\/types\/page"}],"author":[{"embeddable":true,"href":"https:\/\/sobhykabersharm.com\/tr\/wp-json\/wp\/v2\/users\/1"}],"replies":[{"embeddable":true,"href":"https:\/\/sobhykabersharm.com\/tr\/wp-json\/wp\/v2\/comments?post=1271"}],"version-history":[{"count":20,"href":"https:\/\/sobhykabersharm.com\/tr\/wp-json\/wp\/v2\/pages\/1271\/revisions"}],"predecessor-version":[{"id":5832,"href":"https:\/\/sobhykabersharm.com\/tr\/wp-json\/wp\/v2\/pages\/1271\/revisions\/5832"}],"wp:attachment":[{"href":"https:\/\/sobhykabersharm.com\/tr\/wp-json\/wp\/v2\/media?parent=1271"}],"curies":[{"name":"wp","href":"https:\/\/api.w.org\/{rel}","templated":true}]}}