{"id":4975,"date":"2026-01-12T11:24:34","date_gmt":"2026-01-12T11:24:34","guid":{"rendered":"https:\/\/itz.cyu.mybluehost.me\/website_bb28ec46\/?page_id=4975"},"modified":"2026-02-17T19:28:26","modified_gmt":"2026-02-17T19:28:26","slug":"la-nostra-storia-3","status":"publish","type":"page","link":"https:\/\/sobhykabersharm.com\/it\/la-nostra-storia-3\/","title":{"rendered":"La nostra storia"},"content":{"rendered":"<div data-elementor-type=\"wp-page\" data-elementor-id=\"4975\" class=\"elementor elementor-4975\">\n\t\t\t\t<div class=\"elementor-element elementor-element-25cfb80c0 e-con-full e-flex wpr-particle-no wpr-jarallax-no wpr-parallax-no wpr-sticky-section-no wpr-equal-height-no e-con e-parent\" data-id=\"25cfb80c0\" data-element_type=\"container\" data-e-type=\"container\" data-settings=\"{&quot;background_background&quot;:&quot;classic&quot;}\">\n\t\t<div class=\"elementor-element elementor-element-78b871bd e-con-full e-flex wpr-particle-no wpr-jarallax-no wpr-parallax-no wpr-sticky-section-no wpr-equal-height-no e-con e-child\" data-id=\"78b871bd\" data-element_type=\"container\" data-e-type=\"container\">\n\t\t\t\t<div class=\"elementor-element elementor-element-2a6de085 elementor-widget elementor-widget-heading\" data-id=\"2a6de085\" data-element_type=\"widget\" data-e-type=\"widget\" data-widget_type=\"heading.default\">\n\t\t\t\t\t<h2 class=\"elementor-heading-title elementor-size-default\">Tutto IT<\/h2>\t\t\t\t<\/div>\n\t\t\t\t<div class=\"elementor-element elementor-element-783bf2a elementor-widget elementor-widget-heading\" data-id=\"783bf2a\" data-element_type=\"widget\" data-e-type=\"widget\" data-widget_type=\"heading.default\">\n\t\t\t\t\t<h2 class=\"elementor-heading-title elementor-size-default\">INIZIATO CON <\/h2>\t\t\t\t<\/div>\n\t\t\t\t<div class=\"elementor-element elementor-element-dcd9b07 elementor-widget elementor-widget-heading\" data-id=\"dcd9b07\" data-element_type=\"widget\" data-e-type=\"widget\" data-widget_type=\"heading.default\">\n\t\t\t\t\t<h2 class=\"elementor-heading-title elementor-size-default\"> UNA CARROZZA<\/h2>\t\t\t\t<\/div>\n\t\t\t\t<\/div>\n\t\t<div class=\"elementor-element elementor-element-d5e1030 e-flex e-con-boxed wpr-particle-no wpr-jarallax-no wpr-parallax-no wpr-sticky-section-no wpr-equal-height-no e-con e-child\" data-id=\"d5e1030\" data-element_type=\"container\" data-e-type=\"container\">\n\t\t\t\t\t<div class=\"e-con-inner\">\n\t\t\t\t<div class=\"elementor-element elementor-element-a13d54c wpr-fancy-text-clip wpr-advanced-text-style-animated wpr-animated-text-infinite-yes elementor-widget elementor-widget-wpr-advanced-text\" data-id=\"a13d54c\" data-element_type=\"widget\" data-e-type=\"widget\" data-settings=\"{&quot;anim_loop&quot;:&quot;yes&quot;}\" data-widget_type=\"wpr-advanced-text.default\">\n\t\t\t\t\t\n\t\t<h3 class=\"wpr-advanced-text\">\n\n\t\t\t\t\t\n\t\t\t\n\t\t<span class=\"wpr-anim-text wpr-anim-text-type-clip\" data-anim-duration=\"2000,2400\" data-anim-loop=\"yes\">\n\t\t\t<span class=\"wpr-anim-text-inner\">\n\t\t\t\t\t\t\t\t\t<b>STORIE DEL NOSTRO UMILE INIZIO<\/b>\n\t\t\t\t\t\t\t<\/span>\n\t\t\t<span class=\"wpr-anim-text-cursor\">|<\/span>\t\t<\/span>\n\n\t\t\t\t\n\t\t<\/h3>\n\t\t\n\t\t\t\t\t\t<\/div>\n\t\t\t\t\t<\/div>\n\t\t\t\t<\/div>\n\t\t\t\t<\/div>\n\t\t<div class=\"elementor-element elementor-element-4958c74 e-flex e-con-boxed wpr-particle-no wpr-jarallax-no wpr-parallax-no wpr-sticky-section-no wpr-equal-height-no e-con e-parent\" data-id=\"4958c74\" data-element_type=\"container\" data-e-type=\"container\">\n\t\t\t\t\t<div class=\"e-con-inner\">\n\t\t\t\t<div class=\"elementor-element elementor-element-7f2406f elementor-widget elementor-widget-spacer\" data-id=\"7f2406f\" data-element_type=\"widget\" data-e-type=\"widget\" data-widget_type=\"spacer.default\">\n\t\t\t\t\t\t\t<div class=\"elementor-spacer\">\n\t\t\t<div class=\"elementor-spacer-inner\"><\/div>\n\t\t<\/div>\n\t\t\t\t\t\t<\/div>\n\t\t\t\t\t<\/div>\n\t\t\t\t<\/div>\n\t\t<div class=\"elementor-element elementor-element-76ef411 e-flex e-con-boxed wpr-particle-no wpr-jarallax-no wpr-parallax-no wpr-sticky-section-no wpr-equal-height-no e-con e-parent\" data-id=\"76ef411\" data-element_type=\"container\" data-e-type=\"container\">\n\t\t\t\t\t<div class=\"e-con-inner\">\n\t\t\t\t\t<\/div>\n\t\t\t\t<\/div>\n\t\t<div class=\"elementor-element elementor-element-61aefe9 e-flex e-con-boxed wpr-particle-no wpr-jarallax-no wpr-parallax-no wpr-sticky-section-no wpr-equal-height-no e-con e-parent\" data-id=\"61aefe9\" data-element_type=\"container\" data-e-type=\"container\">\n\t\t\t\t\t<div class=\"e-con-inner\">\n\t\t\t\t<div class=\"elementor-element elementor-element-25e27f9 elementor-widget elementor-widget-heading\" data-id=\"25e27f9\" data-element_type=\"widget\" data-e-type=\"widget\" data-widget_type=\"heading.default\">\n\t\t\t\t\t<h2 class=\"elementor-heading-title elementor-size-default\">La nostra storia<\/h2>\t\t\t\t<\/div>\n\t\t\t\t\t<\/div>\n\t\t\t\t<\/div>\n\t\t<div class=\"elementor-element elementor-element-7c0db697 e-flex e-con-boxed wpr-particle-no wpr-jarallax-no wpr-parallax-no wpr-sticky-section-no wpr-equal-height-no e-con e-parent\" data-id=\"7c0db697\" data-element_type=\"container\" data-e-type=\"container\">\n\t\t\t\t\t<div class=\"e-con-inner\">\n\t\t<div class=\"elementor-element elementor-element-1321f3da e-con-full e-flex wpr-particle-no wpr-jarallax-no wpr-parallax-no wpr-sticky-section-no wpr-equal-height-no elementor-invisible e-con e-child\" data-id=\"1321f3da\" data-element_type=\"container\" data-e-type=\"container\" data-settings=\"{&quot;animation&quot;:&quot;slideInLeft&quot;}\">\n\t\t\t\t<div class=\"elementor-element elementor-element-450e5d3f elementor-widget elementor-widget-heading\" data-id=\"450e5d3f\" data-element_type=\"widget\" data-e-type=\"widget\" data-widget_type=\"heading.default\">\n\t\t\t\t\t<h2 class=\"elementor-heading-title elementor-size-default\">Tutto \u00e8 iniziato con una carrozza<\/h2>\t\t\t\t<\/div>\n\t\t\t\t<div class=\"elementor-element elementor-element-20a813a4 elementor-widget elementor-widget-text-editor\" data-id=\"20a813a4\" data-element_type=\"widget\" data-e-type=\"widget\" data-widget_type=\"text-editor.default\">\n\t\t\t\t\t\t\t\t\t<p>Qualche decennio fa, Sobhy Kaber aveva una piccola carrozza piena di ingredienti umili e una grande passione per la cucina egiziana autentica. Si guadagn\u00f2 subito popolarit\u00e0 tra la gente del posto, dedicando il suo tempo a relazionarsi con la comunit\u00e0 servendo piatti deliziosi e di alta qualit\u00e0.<\/p>\t\t\t\t\t\t\t\t<\/div>\n\t\t\t\t<div class=\"elementor-element elementor-element-68c5f102 elementor-widget elementor-widget-text-editor\" data-id=\"68c5f102\" data-element_type=\"widget\" data-e-type=\"widget\" data-widget_type=\"text-editor.default\">\n\t\t\t\t\t\t\t\t\t<p>Ha mantenuto vivo il sogno di promuovere il gusto autentico dell&#039;Egitto a livello locale e internazionale, servendo solo il meglio della cucina tradizionale egiziana al miglior prezzo possibile. Ha poi iniziato a crescere acquistando un allevamento di bovini per garantire l&#039;eccellenza di ogni prodotto che propone.<\/p><p>Mantenendo la promessa di offrire esperienze eccezionali dal produttore al consumatore, Sobhy Kaber non ha mai compromesso la qualit\u00e0 degli ingredienti, del cibo e del servizio. Questo gli ha permesso di espandersi e di rivolgersi a un mercato pi\u00f9 ampio, sia localmente in Egitto che in diverse localit\u00e0 del Medio Oriente.<\/p>\t\t\t\t\t\t\t\t<\/div>\n\t\t\t\t<div class=\"elementor-element elementor-element-feb5103 wpr-button-icon-style-inline wpr-button-icon-position-right elementor-widget elementor-widget-wpr-button\" data-id=\"feb5103\" data-element_type=\"widget\" data-e-type=\"widget\" data-widget_type=\"wpr-button.default\">\n\t\t\t\t\t\t\n\t\t\t\n\t\t\n\t\t<div class=\"wpr-button-wrap elementor-clearfix\">\n\t\t<a class=\"wpr-button wpr-button-effect wpr-button-isi-left\" data-text=\"\" href=\"https:\/\/sobhykabersharm.com\/it\/prenotazione\/\">\n\t\t\t\n\t\t\t<span class=\"wpr-button-content\">\n\t\t\t\t\t\t\t\t\t<span class=\"wpr-button-text\">Prenota un tavolo<\/span>\n\t\t\t\t\t\t\t\t\n\t\t\t\t\t\t\t\t\t<span class=\"wpr-button-icon\"><svg class=\"e-font-icon-svg e-fas-angle-right\" viewbox=\"0 0 256 512\" xmlns=\"http:\/\/www.w3.org\/2000\/svg\"><path d=\"M224.3 273l-136 136c-9.4 9.4-24.6 9.4-33.9 0l-22.6-22.6c-9.4-9.4-9.4-24.6 0-33.9l96.4-96.4-96.4-96.4c-9.4-9.4-9.4-24.6 0-33.9L54.3 103c9.4-9.4 24.6-9.4 33.9 0l136 136c9.5 9.4 9.5 24.6.1 34z\"><\/path><\/svg><\/span>\n\t\t\t\t\t\t\t<\/span>\n\t\t<\/a>\n\n\t\t\t\t<\/div>\n\t\n\t\n\t\t\t\t\t<\/div>\n\t\t\t\t<\/div>\n\t\t<div class=\"elementor-element elementor-element-626531c3 e-con-full e-flex wpr-particle-no wpr-jarallax-no wpr-parallax-no wpr-sticky-section-no wpr-equal-height-no e-con e-child\" data-id=\"626531c3\" data-element_type=\"container\" data-e-type=\"container\">\n\t\t\t\t<div class=\"elementor-element elementor-element-53b1a87a elementor-invisible elementor-widget elementor-widget-image\" data-id=\"53b1a87a\" data-element_type=\"widget\" data-e-type=\"widget\" data-settings=\"{&quot;_animation&quot;:&quot;fadeIn&quot;}\" data-widget_type=\"image.default\">\n\t\t\t\t\t\t\t\t\t\t\t\t\t\t\t<img loading=\"lazy\" decoding=\"async\" width=\"1086\" height=\"862\" src=\"https:\/\/i0.wp.com\/sobhykabersharm.com\/wp-content\/uploads\/2026\/01\/photo_2026-01-18_17-45-32-e1771329284104.jpg?fit=1086%2C862&amp;ssl=1\" class=\"attachment-full size-full wp-image-5608\" alt=\"\" srcset=\"https:\/\/i0.wp.com\/sobhykabersharm.com\/wp-content\/uploads\/2026\/01\/photo_2026-01-18_17-45-32-e1771329284104.jpg?w=1086&amp;ssl=1 1086w, https:\/\/i0.wp.com\/sobhykabersharm.com\/wp-content\/uploads\/2026\/01\/photo_2026-01-18_17-45-32-e1771329284104.jpg?resize=300%2C238&amp;ssl=1 300w, https:\/\/i0.wp.com\/sobhykabersharm.com\/wp-content\/uploads\/2026\/01\/photo_2026-01-18_17-45-32-e1771329284104.jpg?resize=1024%2C813&amp;ssl=1 1024w, https:\/\/i0.wp.com\/sobhykabersharm.com\/wp-content\/uploads\/2026\/01\/photo_2026-01-18_17-45-32-e1771329284104.jpg?resize=768%2C610&amp;ssl=1 768w, https:\/\/i0.wp.com\/sobhykabersharm.com\/wp-content\/uploads\/2026\/01\/photo_2026-01-18_17-45-32-e1771329284104.jpg?resize=15%2C12&amp;ssl=1 15w, https:\/\/i0.wp.com\/sobhykabersharm.com\/wp-content\/uploads\/2026\/01\/photo_2026-01-18_17-45-32-e1771329284104.jpg?resize=600%2C476&amp;ssl=1 600w\" sizes=\"auto, (max-width: 1086px) 100vw, 1086px\" \/>\t\t\t\t\t\t\t\t\t\t\t\t\t\t\t<\/div>\n\t\t\t\t<\/div>\n\t\t\t\t\t<\/div>\n\t\t\t\t<\/div>\n\t\t<div class=\"elementor-element elementor-element-7fbc7f4 e-flex e-con-boxed wpr-particle-no wpr-jarallax-no wpr-parallax-no wpr-sticky-section-no wpr-equal-height-no e-con e-parent\" data-id=\"7fbc7f4\" data-element_type=\"container\" data-e-type=\"container\">\n\t\t\t\t\t<div class=\"e-con-inner\">\n\t\t\t\t<div class=\"elementor-element elementor-element-2b22edc elementor-widget elementor-widget-spacer\" data-id=\"2b22edc\" data-element_type=\"widget\" data-e-type=\"widget\" data-widget_type=\"spacer.default\">\n\t\t\t\t\t\t\t<div class=\"elementor-spacer\">\n\t\t\t<div class=\"elementor-spacer-inner\"><\/div>\n\t\t<\/div>\n\t\t\t\t\t\t<\/div>\n\t\t\t\t\t<\/div>\n\t\t\t\t<\/div>\n\t\t<div class=\"elementor-element elementor-element-f65f4c1 e-flex e-con-boxed wpr-particle-no wpr-jarallax-no wpr-parallax-no wpr-sticky-section-no wpr-equal-height-no e-con e-parent\" data-id=\"f65f4c1\" data-element_type=\"container\" data-e-type=\"container\">\n\t\t\t\t\t<div class=\"e-con-inner\">\n\t\t\t\t\t<\/div>\n\t\t\t\t<\/div>\n\t\t\t\t<\/div>","protected":false},"excerpt":{"rendered":"<p>TUTTO \u00c8 INIZIATO CON UNA CARROZZA: STORIE DEI NOSTRI UMILI INIZI | La nostra storia Tutto \u00e8 iniziato con una carrozza Qualche decennio fa, Sobhy Kaber aveva una piccola carrozza piena di ingredienti semplici e una grande passione per la cucina autentica egiziana. Ha guadagnato subito popolarit\u00e0 tra gli abitanti del luogo in Egitto, dedicando il suo tempo a interagire con la comunit\u00e0 servendo cibo delizioso e di alta qualit\u00e0. Ha mantenuto vivo il sogno di mostrare l&#039;autentico sapore dell&#039;Egitto, sia a livello locale che internazionale, servendo solo il meglio della cucina tradizionale egiziana al miglior prezzo possibile. Ha poi iniziato ad espandersi acquistando il proprio allevamento di bestiame per garantire l&#039;eccellenza di ogni prodotto che offre. Mantenendo la sua promessa di esperienze eccezionali &quot;dalla fattoria alla tavola&quot;, Sobhy Kaber non ha mai compromesso la qualit\u00e0 dei suoi ingredienti, del cibo e del servizio. Questo gli ha permesso di espandersi e di servire un mercato pi\u00f9 ampio a livello locale in Egitto e in diverse localit\u00e0 del Medio Oriente. Prenota un tavolo<\/p>","protected":false},"author":2,"featured_media":0,"parent":0,"menu_order":0,"comment_status":"closed","ping_status":"closed","template":"redux-templates_full_width","meta":{"nf_dc_page":"","om_disable_all_campaigns":false,"footnotes":""},"class_list":["post-4975","page","type-page","status-publish","hentry"],"yoast_head":"<!-- This site is optimized with the Yoast SEO plugin v27.5 - https:\/\/yoast.com\/product\/yoast-seo-wordpress\/ -->\n<title>Our Story - Sobhy Kaber<\/title>\n<meta name=\"robots\" content=\"index, follow, max-snippet:-1, max-image-preview:large, max-video-preview:-1\" \/>\n<link rel=\"canonical\" href=\"https:\/\/sobhykabersharm.com\/it\/la-nostra-storia-3\/\" \/>\n<meta property=\"og:locale\" content=\"it_IT\" \/>\n<meta property=\"og:type\" content=\"article\" \/>\n<meta property=\"og:title\" content=\"Our Story - Sobhy Kaber\" \/>\n<meta property=\"og:description\" content=\"IT All STARTED WITH A CARRIAGE TALES OF OUR HUMBLE BEGINNING | Our Story It all started with a carriage A few decades ago, Sobhy Kaber had a small carriage filled with humble ingredients and a big passion for cooking authentic Egyptian food. He gained instant popularity among the locals of Egypt as he spent his time connecting with the community by serving delicious and high quality comfort food. He kept the dream alive of showcasing the authentic taste of Egypt locally and overseas by serving only the best of traditional Egyptian cuisine at the best price possible. He then started to scale up by buying his own cattle farm to ensure the excellence of every product he puts out. Keeping his promise of exceptional farm to fork experiences, Sobhy Kaber never compromised the quality of his ingredients, food and service. This allowed him to expand and cater to a wider market locally in Egypt and across various locations in the Middle East. Book a Table\" \/>\n<meta property=\"og:url\" content=\"https:\/\/sobhykabersharm.com\/it\/la-nostra-storia-3\/\" \/>\n<meta property=\"og:site_name\" content=\"Sobhy Kaber\" \/>\n<meta property=\"article:modified_time\" content=\"2026-02-17T19:28:26+00:00\" \/>\n<meta property=\"og:image\" content=\"https:\/\/sobhykabersharm.com\/wp-content\/uploads\/2026\/01\/photo_2026-01-18_17-45-32-e1771329284104.jpg\" \/>\n<meta name=\"twitter:card\" content=\"summary_large_image\" \/>\n<meta name=\"twitter:label1\" content=\"Tempo di lettura stimato\" \/>\n\t<meta name=\"twitter:data1\" content=\"1 minuto\" \/>\n<script type=\"application\/ld+json\" class=\"yoast-schema-graph\">{\"@context\":\"https:\\\/\\\/schema.org\",\"@graph\":[{\"@type\":\"WebPage\",\"@id\":\"https:\\\/\\\/sobhykabersharm.com\\\/our-story-3\\\/\",\"url\":\"https:\\\/\\\/sobhykabersharm.com\\\/our-story-3\\\/\",\"name\":\"Our Story - Sobhy Kaber\",\"isPartOf\":{\"@id\":\"https:\\\/\\\/sobhykabersharm.com\\\/en_us\\\/#website\"},\"primaryImageOfPage\":{\"@id\":\"https:\\\/\\\/sobhykabersharm.com\\\/our-story-3\\\/#primaryimage\"},\"image\":{\"@id\":\"https:\\\/\\\/sobhykabersharm.com\\\/our-story-3\\\/#primaryimage\"},\"thumbnailUrl\":\"https:\\\/\\\/sobhykabersharm.com\\\/wp-content\\\/uploads\\\/2026\\\/01\\\/photo_2026-01-18_17-45-32-e1771329284104.jpg\",\"datePublished\":\"2026-01-12T11:24:34+00:00\",\"dateModified\":\"2026-02-17T19:28:26+00:00\",\"breadcrumb\":{\"@id\":\"https:\\\/\\\/sobhykabersharm.com\\\/our-story-3\\\/#breadcrumb\"},\"inLanguage\":\"it-IT\",\"potentialAction\":[{\"@type\":\"ReadAction\",\"target\":[\"https:\\\/\\\/sobhykabersharm.com\\\/our-story-3\\\/\"]}]},{\"@type\":\"ImageObject\",\"inLanguage\":\"it-IT\",\"@id\":\"https:\\\/\\\/sobhykabersharm.com\\\/our-story-3\\\/#primaryimage\",\"url\":\"https:\\\/\\\/sobhykabersharm.com\\\/wp-content\\\/uploads\\\/2026\\\/01\\\/photo_2026-01-18_17-45-32-e1771329284104.jpg\",\"contentUrl\":\"https:\\\/\\\/sobhykabersharm.com\\\/wp-content\\\/uploads\\\/2026\\\/01\\\/photo_2026-01-18_17-45-32-e1771329284104.jpg\"},{\"@type\":\"BreadcrumbList\",\"@id\":\"https:\\\/\\\/sobhykabersharm.com\\\/our-story-3\\\/#breadcrumb\",\"itemListElement\":[{\"@type\":\"ListItem\",\"position\":1,\"name\":\"Home\",\"item\":\"https:\\\/\\\/sobhykabersharm.com\\\/en_us\\\/\"},{\"@type\":\"ListItem\",\"position\":2,\"name\":\"Our Story\"}]},{\"@type\":\"WebSite\",\"@id\":\"https:\\\/\\\/sobhykabersharm.com\\\/en_us\\\/#website\",\"url\":\"https:\\\/\\\/sobhykabersharm.com\\\/en_us\\\/\",\"name\":\"Sobhy Kaber\",\"description\":\"Sobhy Kaber Authentic Egyptian Taste Since 1996\",\"publisher\":{\"@id\":\"https:\\\/\\\/sobhykabersharm.com\\\/en_us\\\/#organization\"},\"potentialAction\":[{\"@type\":\"SearchAction\",\"target\":{\"@type\":\"EntryPoint\",\"urlTemplate\":\"https:\\\/\\\/sobhykabersharm.com\\\/en_us\\\/?s={search_term_string}\"},\"query-input\":{\"@type\":\"PropertyValueSpecification\",\"valueRequired\":true,\"valueName\":\"search_term_string\"}}],\"inLanguage\":\"it-IT\"},{\"@type\":\"Organization\",\"@id\":\"https:\\\/\\\/sobhykabersharm.com\\\/en_us\\\/#organization\",\"name\":\"Sobhy Kaber\",\"url\":\"https:\\\/\\\/sobhykabersharm.com\\\/en_us\\\/\",\"logo\":{\"@type\":\"ImageObject\",\"inLanguage\":\"it-IT\",\"@id\":\"https:\\\/\\\/sobhykabersharm.com\\\/en_us\\\/#\\\/schema\\\/logo\\\/image\\\/\",\"url\":\"https:\\\/\\\/i0.wp.com\\\/sobhykabersharm.com\\\/wp-content\\\/uploads\\\/2026\\\/01\\\/cropped-rsz_1logo-white.png?fit=110%2C110&ssl=1\",\"contentUrl\":\"https:\\\/\\\/i0.wp.com\\\/sobhykabersharm.com\\\/wp-content\\\/uploads\\\/2026\\\/01\\\/cropped-rsz_1logo-white.png?fit=110%2C110&ssl=1\",\"width\":110,\"height\":110,\"caption\":\"Sobhy Kaber\"},\"image\":{\"@id\":\"https:\\\/\\\/sobhykabersharm.com\\\/en_us\\\/#\\\/schema\\\/logo\\\/image\\\/\"}}]}<\/script>\n<!-- \/ Yoast SEO plugin. -->","yoast_head_json":{"title":"La nostra storia - Sobhy Kaber","robots":{"index":"index","follow":"follow","max-snippet":"max-snippet:-1","max-image-preview":"max-image-preview:large","max-video-preview":"max-video-preview:-1"},"canonical":"https:\/\/sobhykabersharm.com\/it\/la-nostra-storia-3\/","og_locale":"it_IT","og_type":"article","og_title":"Our Story - Sobhy Kaber","og_description":"IT All STARTED WITH A CARRIAGE TALES OF OUR HUMBLE BEGINNING | Our Story It all started with a carriage A few decades ago, Sobhy Kaber had a small carriage filled with humble ingredients and a big passion for cooking authentic Egyptian food. He gained instant popularity among the locals of Egypt as he spent his time connecting with the community by serving delicious and high quality comfort food. He kept the dream alive of showcasing the authentic taste of Egypt locally and overseas by serving only the best of traditional Egyptian cuisine at the best price possible. He then started to scale up by buying his own cattle farm to ensure the excellence of every product he puts out. Keeping his promise of exceptional farm to fork experiences, Sobhy Kaber never compromised the quality of his ingredients, food and service. This allowed him to expand and cater to a wider market locally in Egypt and across various locations in the Middle East. Book a Table","og_url":"https:\/\/sobhykabersharm.com\/it\/la-nostra-storia-3\/","og_site_name":"Sobhy Kaber","article_modified_time":"2026-02-17T19:28:26+00:00","og_image":[{"url":"https:\/\/sobhykabersharm.com\/wp-content\/uploads\/2026\/01\/photo_2026-01-18_17-45-32-e1771329284104.jpg","type":"","width":"","height":""}],"twitter_card":"summary_large_image","twitter_misc":{"Tempo di lettura stimato":"1 minuto"},"schema":{"@context":"https:\/\/schema.org","@graph":[{"@type":"WebPage","@id":"https:\/\/sobhykabersharm.com\/our-story-3\/","url":"https:\/\/sobhykabersharm.com\/our-story-3\/","name":"La nostra storia - Sobhy Kaber","isPartOf":{"@id":"https:\/\/sobhykabersharm.com\/en_us\/#website"},"primaryImageOfPage":{"@id":"https:\/\/sobhykabersharm.com\/our-story-3\/#primaryimage"},"image":{"@id":"https:\/\/sobhykabersharm.com\/our-story-3\/#primaryimage"},"thumbnailUrl":"https:\/\/sobhykabersharm.com\/wp-content\/uploads\/2026\/01\/photo_2026-01-18_17-45-32-e1771329284104.jpg","datePublished":"2026-01-12T11:24:34+00:00","dateModified":"2026-02-17T19:28:26+00:00","breadcrumb":{"@id":"https:\/\/sobhykabersharm.com\/our-story-3\/#breadcrumb"},"inLanguage":"it-IT","potentialAction":[{"@type":"ReadAction","target":["https:\/\/sobhykabersharm.com\/our-story-3\/"]}]},{"@type":"ImageObject","inLanguage":"it-IT","@id":"https:\/\/sobhykabersharm.com\/our-story-3\/#primaryimage","url":"https:\/\/sobhykabersharm.com\/wp-content\/uploads\/2026\/01\/photo_2026-01-18_17-45-32-e1771329284104.jpg","contentUrl":"https:\/\/sobhykabersharm.com\/wp-content\/uploads\/2026\/01\/photo_2026-01-18_17-45-32-e1771329284104.jpg"},{"@type":"BreadcrumbList","@id":"https:\/\/sobhykabersharm.com\/our-story-3\/#breadcrumb","itemListElement":[{"@type":"ListItem","position":1,"name":"Home","item":"https:\/\/sobhykabersharm.com\/en_us\/"},{"@type":"ListItem","position":2,"name":"Our Story"}]},{"@type":"WebSite","@id":"https:\/\/sobhykabersharm.com\/en_us\/#website","url":"https:\/\/sobhykabersharm.com\/en_us\/","name":"Sobhy Kaber","description":"Sobhy Kaber: Autentico sapore egiziano dal 1996.","publisher":{"@id":"https:\/\/sobhykabersharm.com\/en_us\/#organization"},"potentialAction":[{"@type":"SearchAction","target":{"@type":"EntryPoint","urlTemplate":"https:\/\/sobhykabersharm.com\/en_us\/?s={search_term_string}"},"query-input":{"@type":"PropertyValueSpecification","valueRequired":true,"valueName":"search_term_string"}}],"inLanguage":"it-IT"},{"@type":"Organization","@id":"https:\/\/sobhykabersharm.com\/en_us\/#organization","name":"Sobhy Kaber","url":"https:\/\/sobhykabersharm.com\/en_us\/","logo":{"@type":"ImageObject","inLanguage":"it-IT","@id":"https:\/\/sobhykabersharm.com\/en_us\/#\/schema\/logo\/image\/","url":"https:\/\/i0.wp.com\/sobhykabersharm.com\/wp-content\/uploads\/2026\/01\/cropped-rsz_1logo-white.png?fit=110%2C110&ssl=1","contentUrl":"https:\/\/i0.wp.com\/sobhykabersharm.com\/wp-content\/uploads\/2026\/01\/cropped-rsz_1logo-white.png?fit=110%2C110&ssl=1","width":110,"height":110,"caption":"Sobhy Kaber"},"image":{"@id":"https:\/\/sobhykabersharm.com\/en_us\/#\/schema\/logo\/image\/"}}]}},"jetpack_sharing_enabled":true,"_links":{"self":[{"href":"https:\/\/sobhykabersharm.com\/it\/wp-json\/wp\/v2\/pages\/4975","targetHints":{"allow":["GET"]}}],"collection":[{"href":"https:\/\/sobhykabersharm.com\/it\/wp-json\/wp\/v2\/pages"}],"about":[{"href":"https:\/\/sobhykabersharm.com\/it\/wp-json\/wp\/v2\/types\/page"}],"author":[{"embeddable":true,"href":"https:\/\/sobhykabersharm.com\/it\/wp-json\/wp\/v2\/users\/2"}],"replies":[{"embeddable":true,"href":"https:\/\/sobhykabersharm.com\/it\/wp-json\/wp\/v2\/comments?post=4975"}],"version-history":[{"count":20,"href":"https:\/\/sobhykabersharm.com\/it\/wp-json\/wp\/v2\/pages\/4975\/revisions"}],"predecessor-version":[{"id":5877,"href":"https:\/\/sobhykabersharm.com\/it\/wp-json\/wp\/v2\/pages\/4975\/revisions\/5877"}],"wp:attachment":[{"href":"https:\/\/sobhykabersharm.com\/it\/wp-json\/wp\/v2\/media?parent=4975"}],"curies":[{"name":"wp","href":"https:\/\/api.w.org\/{rel}","templated":true}]}}